{"id":7295,"date":"2024-11-29T15:38:36","date_gmt":"2024-11-29T14:38:36","guid":{"rendered":"https:\/\/trim-tab.se\/?page_id=7295"},"modified":"2025-01-06T20:14:04","modified_gmt":"2025-01-06T19:14:04","slug":"sekretesspolicy","status":"publish","type":"page","link":"https:\/\/trim-tab.se\/en\/sekretesspolicy\/","title":{"rendered":"sekretesspolicy"},"content":{"rendered":"<div data-elementor-type=\"wp-page\" data-elementor-id=\"7295\" class=\"elementor elementor-7295\" data-elementor-post-type=\"page\">\n\t\t\t\t<div class=\"elementor-element elementor-element-39c0671 e-flex e-con-boxed e-con e-parent\" data-id=\"39c0671\" data-element_type=\"container\" data-e-type=\"container\" data-settings=\"{&quot;background_background&quot;:&quot;classic&quot;}\">\n\t\t\t\t\t<div class=\"e-con-inner\">\n\t\t\t\t<div class=\"elementor-element elementor-element-61270bb elementor-widget elementor-widget-text-editor\" data-id=\"61270bb\" data-element_type=\"widget\" data-e-type=\"widget\" data-widget_type=\"text-editor.default\">\n\t\t\t\t<div class=\"elementor-widget-container\">\n\t\t\t\t\t\t\t\t\t<p>\/  Privacy policy \/<\/p>\t\t\t\t\t\t\t\t<\/div>\n\t\t\t\t<\/div>\n\t\t\t\t\t<\/div>\n\t\t\t\t<\/div>\n\t\t<div class=\"elementor-element elementor-element-96d52db e-flex e-con-boxed e-con e-parent\" data-id=\"96d52db\" data-element_type=\"container\" data-e-type=\"container\" data-settings=\"{&quot;background_background&quot;:&quot;classic&quot;}\">\n\t\t\t\t\t<div class=\"e-con-inner\">\n\t\t\t\t<div class=\"elementor-element elementor-element-ca8c676 elementor-widget__width-initial elementor-widget elementor-widget-text-editor\" data-id=\"ca8c676\" data-element_type=\"widget\" data-e-type=\"widget\" data-widget_type=\"text-editor.default\">\n\t\t\t\t<div class=\"elementor-widget-container\">\n\t\t\t\t\t\t\t\t\t<p><strong>Privacy information and privacy policy<\/strong><\/p><p><strong>Trim Tab AB,<\/strong> (org. no. 559123\u20138844) is the personal data controller for the data we process within the framework of our services, including \"Rusta och Matcha\". We process your personal data in accordance with GDPR and Swedish law.<\/p><p><strong>What information we collect<\/strong><\/p><p>We process information such as:<\/p><ul><li>Name, contact details<\/li><li>Social security number<\/li><li>Previous work experience and education<\/li><li>Interests, personal characteristics, and competencies<\/li><\/ul><p><strong>Purpose of treatment<\/strong><\/p><p>We collect and process data to:<\/p><ul><li>Match you with potential employers or courses<\/li><li>Conduct armor operations<\/li><li>Fulfill our obligations towards the Employment Agency<\/li><\/ul><p><strong>Sharing of data<\/strong><\/p><p>Your data may be shared with:<\/p><ul><li>Arbetsf\u00f6rmedlingen<\/li><li>Collaborators and approved subcontractors<\/li><li>Potential employers and training companies<\/li><\/ul><p><strong>Your rights<\/strong><\/p><p>You have the right to:<\/p><ul><li>Request access to your personal data<\/li><li>Request correction, deletion or limitation of processing<\/li><li>Withdraw your consent at any time<\/li><li>Submit a complaint to the Privacy Protection Authority<\/li><\/ul><p>For questions or to exercise your rights<strong> contact us at info@trim-tab.se<\/strong>For complete information, please visit our website or contact us directly.<\/p>\t\t\t\t\t\t\t\t<\/div>\n\t\t\t\t<\/div>\n\t\t\t\t\t<\/div>\n\t\t\t\t<\/div>\n\t\t\t\t<\/div>","protected":false},"excerpt":{"rendered":"<p>\/ Sekretesspolicy \/ Integritetsinformation och sekretesspolicy Trim Tab AB (org.nr. 559123\u20138844) \u00e4r personuppgiftsansvarig f\u00f6r de uppgifter vi behandlar inom ramen f\u00f6r v\u00e5ra tj\u00e4nster, inklusive &#8221;Rusta och Matcha&#8221;. Vi behandlar dina personuppgifter i enlighet med GDPR och svensk lag. Vilka uppgifter vi samlar in Vi behandlar information som: Namn, kontaktuppgifter Personnummer Tidigare arbetslivserfarenhet och utbildning Intressen, [&hellip;]<\/p>\n","protected":false},"author":257190015,"featured_media":0,"parent":0,"menu_order":0,"comment_status":"closed","ping_status":"closed","template":"template-homepage.php","meta":{"_crdt_document":"","advanced_seo_description":"","jetpack_seo_html_title":"","jetpack_seo_noindex":false,"footnotes":""},"class_list":["post-7295","page","type-page","status-publish","hentry"],"jetpack_likes_enabled":true,"jetpack_sharing_enabled":true,"jetpack_shortlink":"https:\/\/wp.me\/Pg7g27-1TF","jetpack-related-posts":[],"_links":{"self":[{"href":"https:\/\/trim-tab.se\/en\/wp-json\/wp\/v2\/pages\/7295","targetHints":{"allow":["GET"]}}],"collection":[{"href":"https:\/\/trim-tab.se\/en\/wp-json\/wp\/v2\/pages"}],"about":[{"href":"https:\/\/trim-tab.se\/en\/wp-json\/wp\/v2\/types\/page"}],"author":[{"embeddable":true,"href":"https:\/\/trim-tab.se\/en\/wp-json\/wp\/v2\/users\/257190015"}],"replies":[{"embeddable":true,"href":"https:\/\/trim-tab.se\/en\/wp-json\/wp\/v2\/comments?post=7295"}],"version-history":[{"count":32,"href":"https:\/\/trim-tab.se\/en\/wp-json\/wp\/v2\/pages\/7295\/revisions"}],"predecessor-version":[{"id":8248,"href":"https:\/\/trim-tab.se\/en\/wp-json\/wp\/v2\/pages\/7295\/revisions\/8248"}],"wp:attachment":[{"href":"https:\/\/trim-tab.se\/en\/wp-json\/wp\/v2\/media?parent=7295"}],"curies":[{"name":"wp","href":"https:\/\/api.w.org\/{rel}","templated":true}]}}