{"id":3826,"date":"2024-10-29T14:06:17","date_gmt":"2024-10-29T13:06:17","guid":{"rendered":"https:\/\/trim-tab.se\/?page_id=3826"},"modified":"2025-01-08T15:04:31","modified_gmt":"2025-01-08T14:04:31","slug":"projekt","status":"publish","type":"page","link":"https:\/\/trim-tab.se\/en\/projekt\/","title":{"rendered":"projekt"},"content":{"rendered":"\t\t<div data-elementor-type=\"wp-page\" data-elementor-id=\"3826\" class=\"elementor elementor-3826\" data-elementor-post-type=\"page\">\n\t\t\t\t<div class=\"elementor-element elementor-element-9edf415 e-flex e-con-boxed e-con e-parent\" data-id=\"9edf415\" data-element_type=\"container\" data-e-type=\"container\" data-settings=\"{&quot;background_background&quot;:&quot;classic&quot;}\">\n\t\t\t\t\t<div class=\"e-con-inner\">\n\t\t\t\t<div class=\"elementor-element elementor-element-9c4e728 elementor-widget elementor-widget-text-editor\" data-id=\"9c4e728\" data-element_type=\"widget\" data-e-type=\"widget\" data-widget_type=\"text-editor.default\">\n\t\t\t\t<div class=\"elementor-widget-container\">\n\t\t\t\t\t\t\t\t\t<p>\/ Projekt<span class=\"Y2IQFc\" lang=\"sv\">\u00a0<\/span>\/<\/p>\t\t\t\t\t\t\t\t<\/div>\n\t\t\t\t<\/div>\n\t\t\t\t<div class=\"elementor-element elementor-element-09b3daf elementor-widget elementor-widget-heading\" data-id=\"09b3daf\" data-element_type=\"widget\" data-e-type=\"widget\" data-widget_type=\"heading.default\">\n\t\t\t\t<div class=\"elementor-widget-container\">\n\t\t\t\t\t<h2 class=\"elementor-heading-title elementor-size-default\">Hitta v\u00e5ra projekt<\/h2>\t\t\t\t<\/div>\n\t\t\t\t<\/div>\n\t\t\t\t\t<\/div>\n\t\t\t\t<\/div>\n\t\t<div class=\"elementor-element elementor-element-0b4f547 e-flex e-con-boxed e-con e-parent\" data-id=\"0b4f547\" data-element_type=\"container\" data-e-type=\"container\" data-settings=\"{&quot;background_background&quot;:&quot;classic&quot;}\">\n\t\t\t\t\t<div class=\"e-con-inner\">\n\t\t<div class=\"elementor-element elementor-element-d7d1831 e-con-full e-flex e-con e-child\" data-id=\"d7d1831\" data-element_type=\"container\" data-e-type=\"container\">\n\t\t\t\t<div class=\"elementor-element elementor-element-f3fd349 elementor-widget elementor-widget-heading\" data-id=\"f3fd349\" data-element_type=\"widget\" data-e-type=\"widget\" data-widget_type=\"heading.default\">\n\t\t\t\t<div class=\"elementor-widget-container\">\n\t\t\t\t\t<h2 class=\"elementor-heading-title elementor-size-default\">EURES<\/h2>\t\t\t\t<\/div>\n\t\t\t\t<\/div>\n\t\t\t\t<div class=\"elementor-element elementor-element-87c0f2f elementor-hidden-mobile elementor-widget-divider--view-line elementor-widget elementor-widget-divider\" data-id=\"87c0f2f\" data-element_type=\"widget\" data-e-type=\"widget\" data-widget_type=\"divider.default\">\n\t\t\t\t<div class=\"elementor-widget-container\">\n\t\t\t\t\t\t\t<div class=\"elementor-divider\">\n\t\t\t<span class=\"elementor-divider-separator\">\n\t\t\t\t\t\t<\/span>\n\t\t<\/div>\n\t\t\t\t\t\t<\/div>\n\t\t\t\t<\/div>\n\t\t\t\t<div class=\"elementor-element elementor-element-210993e elementor-view-default elementor-invisible elementor-widget elementor-widget-icon\" data-id=\"210993e\" data-element_type=\"widget\" data-e-type=\"widget\" data-settings=\"{&quot;_animation&quot;:&quot;fadeInLeft&quot;,&quot;_animation_mobile&quot;:&quot;fadeInDown&quot;}\" data-widget_type=\"icon.default\">\n\t\t\t\t<div class=\"elementor-widget-container\">\n\t\t\t\t\t\t\t<div class=\"elementor-icon-wrapper\">\n\t\t\t<div class=\"elementor-icon\">\n\t\t\t<i aria-hidden=\"true\" class=\"recrutie-icon- recrutie-icon-long-arrow-right\"><\/i>\t\t\t<\/div>\n\t\t<\/div>\n\t\t\t\t\t\t<\/div>\n\t\t\t\t<\/div>\n\t\t\t\t<\/div>\n\t\t<div class=\"elementor-element elementor-element-60bfb1e e-con-full e-flex e-con e-child\" data-id=\"60bfb1e\" data-element_type=\"container\" data-e-type=\"container\">\n\t\t\t\t<div class=\"elementor-element elementor-element-887f66e elementor-widget elementor-widget-text-editor\" data-id=\"887f66e\" data-element_type=\"widget\" data-e-type=\"widget\" data-widget_type=\"text-editor.default\">\n\t\t\t\t<div class=\"elementor-widget-container\">\n\t\t\t\t\t\t\t\t\t<p>Trim Tab AB \u00e4r ett privat svenskt f\u00f6retag som grundades med ett \u00e5tagande att s\u00e4kerst\u00e4lla att alla har tillg\u00e5ng till meningsfulla sociala och yrkesm\u00e4ssiga m\u00f6jligheter i samh\u00e4llet, inklusive syssels\u00e4ttning och utbildning. Sedan starten har Trim Tab \u00e4gnat sig \u00e5t att v\u00e4gleda arbetsl\u00f6sa mot anst\u00e4llning eller yrkesutbildning och tillhandah\u00e5lla rekryteringstj\u00e4nster f\u00f6r arbetsmarknadsprogram som \u201dst\u00f6d och matchning.\u201d Fr\u00e5n och med 2022 har Trim Tab anslutit sig till EURES, vilket \u00f6kar dess kapacitet och resurser f\u00f6r att hj\u00e4lpa m\u00e4nniskor att hitta jobb i hela EU. Genom olika metoder och samarbeten forts\u00e4tter Trim Tab att spela en avg\u00f6rande roll f\u00f6r att integrera m\u00e4nniskor p\u00e5 EU:s arbetsmarknad och bidra till samh\u00e4llets utveckling.<\/p>\t\t\t\t\t\t\t\t<\/div>\n\t\t\t\t<\/div>\n\t\t\t\t<\/div>\n\t\t\t\t\t<\/div>\n\t\t\t\t<\/div>\n\t\t<div class=\"elementor-element elementor-element-89575ab e-flex e-con-boxed e-con e-parent\" data-id=\"89575ab\" data-element_type=\"container\" data-e-type=\"container\" data-settings=\"{&quot;background_background&quot;:&quot;classic&quot;}\">\n\t\t\t\t\t<div class=\"e-con-inner\">\n\t\t<div class=\"elementor-element elementor-element-e702a0e e-con-full e-flex e-con e-child\" data-id=\"e702a0e\" data-element_type=\"container\" data-e-type=\"container\">\n\t\t\t\t<div class=\"elementor-element elementor-element-7600468 elementor-widget elementor-widget-heading\" data-id=\"7600468\" data-element_type=\"widget\" data-e-type=\"widget\" data-widget_type=\"heading.default\">\n\t\t\t\t<div class=\"elementor-widget-container\">\n\t\t\t\t\t<h2 class=\"elementor-heading-title elementor-size-default\">EU<\/h2>\t\t\t\t<\/div>\n\t\t\t\t<\/div>\n\t\t\t\t<div class=\"elementor-element elementor-element-e4234f3 elementor-hidden-mobile elementor-widget-divider--view-line elementor-widget elementor-widget-divider\" data-id=\"e4234f3\" data-element_type=\"widget\" data-e-type=\"widget\" data-widget_type=\"divider.default\">\n\t\t\t\t<div class=\"elementor-widget-container\">\n\t\t\t\t\t\t\t<div class=\"elementor-divider\">\n\t\t\t<span class=\"elementor-divider-separator\">\n\t\t\t\t\t\t<\/span>\n\t\t<\/div>\n\t\t\t\t\t\t<\/div>\n\t\t\t\t<\/div>\n\t\t\t\t<div class=\"elementor-element elementor-element-4de450e elementor-view-default elementor-invisible elementor-widget elementor-widget-icon\" data-id=\"4de450e\" data-element_type=\"widget\" data-e-type=\"widget\" data-settings=\"{&quot;_animation&quot;:&quot;fadeInLeft&quot;,&quot;_animation_mobile&quot;:&quot;fadeInDown&quot;}\" data-widget_type=\"icon.default\">\n\t\t\t\t<div class=\"elementor-widget-container\">\n\t\t\t\t\t\t\t<div class=\"elementor-icon-wrapper\">\n\t\t\t<div class=\"elementor-icon\">\n\t\t\t<i aria-hidden=\"true\" class=\"recrutie-icon- recrutie-icon-long-arrow-right\"><\/i>\t\t\t<\/div>\n\t\t<\/div>\n\t\t\t\t\t\t<\/div>\n\t\t\t\t<\/div>\n\t\t\t\t<\/div>\n\t\t<div class=\"elementor-element elementor-element-9377f9b e-con-full e-flex e-con e-child\" data-id=\"9377f9b\" data-element_type=\"container\" data-e-type=\"container\">\n\t\t\t\t<div class=\"elementor-element elementor-element-e14f995 elementor-widget elementor-widget-text-editor\" data-id=\"e14f995\" data-element_type=\"widget\" data-e-type=\"widget\" data-widget_type=\"text-editor.default\">\n\t\t\t\t<div class=\"elementor-widget-container\">\n\t\t\t\t\t\t\t\t\t<p>Om Trim Tab AB och v\u00e5ra EU-projekt<\/p><p style=\"font-weight: 400;\">P\u00e5 Trim Tab AB har vi spetskompetens inom samordning och partnerskap f\u00f6r olika EU-projekt, med s\u00e4rskilt fokus p\u00e5 Erasmus+ och andra st\u00f6rre centraliserade initiativ. V\u00e5ra insatser riktar sig fr\u00e4mst mot yrkesutbildning och vuxenutbildning, d\u00e4r vi str\u00e4var efter att skapa effektfulla och h\u00e5llbara resultat som g\u00f6r skillnad.<\/p><p style=\"font-weight: 400;\">Genom v\u00e5rt arbete inom Erasmus+ samarbetar vi med organisationer i hela EU f\u00f6r att f\u00f6rb\u00e4ttra utbildningsm\u00f6jligheter och fr\u00e4mja internationellt samarbete. V\u00e5ra projekt fokuserar p\u00e5 att utveckla innovativa metoder och verktyg f\u00f6r att st\u00e4rka l\u00e4rande och inkludering.<\/p><p style=\"font-weight: 400;\">Ut\u00f6ver Erasmus+ hanterar vi ocks\u00e5 st\u00f6rre centraliserade EU-projekt, d\u00e4r vi erbjuder omfattande erfarenhet av projektsamordning, partnerskapsbyggande och genomf\u00f6rande f\u00f6r att s\u00e4kerst\u00e4lla framg\u00e5ngsrika resultat.<\/p><p style=\"font-weight: 400;\">Exempel p\u00e5 v\u00e5ra projekt:<\/p><ul><li>MAAS (Match, Attach, and Sustain): Ett initiativ som syftar till att st\u00e4rka arbetsf\u00f6rmedlingars kapacitet och st\u00f6dja individer, s\u00e4rskilt inom turistsektorn, att etablera sig p\u00e5 arbetsmarknaden.<\/li><li>Vet4NAI (VET for New Artificial Intelligence): Ett projekt inriktat p\u00e5 att integrera AI-kompetens i yrkesutbildningar f\u00f6r att m\u00f6ta framtidens arbetsmarknadskrav.<\/li><li>DISCO (Digital Storytelling for Inclusion): En satsning p\u00e5 digitala ber\u00e4ttelser som ett verktyg f\u00f6r inkluderande l\u00e4rande och personlig utveckling.<\/li><li>EQAVET (European Quality Assurance in Vocational Education and Training): Ett projekt som st\u00e4rker kvalitetss\u00e4kringen inom yrkesutbildning f\u00f6r att s\u00e4kerst\u00e4lla h\u00f6g standard och relevans.<\/li><\/ul>\t\t\t\t\t\t\t\t<\/div>\n\t\t\t\t<\/div>\n\t\t\t\t<\/div>\n\t\t\t\t\t<\/div>\n\t\t\t\t<\/div>\n\t\t<div class=\"elementor-element elementor-element-9b32790 animated-slow e-flex e-con-boxed e-con e-parent\" data-id=\"9b32790\" data-element_type=\"container\" data-e-type=\"container\" data-settings=\"{&quot;background_background&quot;:&quot;classic&quot;,&quot;animation&quot;:&quot;none&quot;,&quot;animation_mobile&quot;:&quot;none&quot;}\">\n\t\t\t\t\t<div class=\"e-con-inner\">\n\t\t<div class=\"elementor-element elementor-element-5bdc43e e-con-full e-flex e-con e-child\" data-id=\"5bdc43e\" data-element_type=\"container\" data-e-type=\"container\" data-settings=\"{&quot;background_background&quot;:&quot;classic&quot;}\">\n\t\t\t\t<div class=\"elementor-element elementor-element-fc00264 elementor-widget elementor-widget-heading\" data-id=\"fc00264\" data-element_type=\"widget\" data-e-type=\"widget\" data-widget_type=\"heading.default\">\n\t\t\t\t<div class=\"elementor-widget-container\">\n\t\t\t\t\t<h2 class=\"elementor-heading-title elementor-size-default\">Registrera EURES connect<\/h2>\t\t\t\t<\/div>\n\t\t\t\t<\/div>\n\t\t\t\t<div class=\"elementor-element elementor-element-ecb9086 elementor-hidden-mobile elementor-hidden-mobile_extra elementor-widget-divider--view-line elementor-widget elementor-widget-divider\" data-id=\"ecb9086\" data-element_type=\"widget\" data-e-type=\"widget\" data-widget_type=\"divider.default\">\n\t\t\t\t<div class=\"elementor-widget-container\">\n\t\t\t\t\t\t\t<div class=\"elementor-divider\">\n\t\t\t<span class=\"elementor-divider-separator\">\n\t\t\t\t\t\t<\/span>\n\t\t<\/div>\n\t\t\t\t\t\t<\/div>\n\t\t\t\t<\/div>\n\t\t\t\t<div class=\"elementor-element elementor-element-5e316d5 elementor-view-default elementor-invisible elementor-widget elementor-widget-icon\" data-id=\"5e316d5\" data-element_type=\"widget\" data-e-type=\"widget\" data-settings=\"{&quot;_animation&quot;:&quot;fadeInLeft&quot;,&quot;_animation_mobile&quot;:&quot;fadeInDown&quot;,&quot;_animation_mobile_extra&quot;:&quot;fadeInDown&quot;}\" data-widget_type=\"icon.default\">\n\t\t\t\t<div class=\"elementor-widget-container\">\n\t\t\t\t\t\t\t<div class=\"elementor-icon-wrapper\">\n\t\t\t<div class=\"elementor-icon\">\n\t\t\t<i aria-hidden=\"true\" class=\"recrutie-icon- recrutie-icon-long-arrow-right\"><\/i>\t\t\t<\/div>\n\t\t<\/div>\n\t\t\t\t\t\t<\/div>\n\t\t\t\t<\/div>\n\t\t\t\t<\/div>\n\t\t<div class=\"elementor-element elementor-element-b2cda50 e-con-full e-flex e-con e-child\" data-id=\"b2cda50\" data-element_type=\"container\" data-e-type=\"container\" data-settings=\"{&quot;background_background&quot;:&quot;classic&quot;}\">\n\t\t\t\t<div class=\"elementor-element elementor-element-b565c96 button-rotate elementor-button-align-stretch elementor-widget elementor-widget-form\" data-id=\"b565c96\" data-element_type=\"widget\" data-e-type=\"widget\" data-settings=\"{&quot;step_next_label&quot;:&quot;Next&quot;,&quot;step_previous_label&quot;:&quot;Previous&quot;,&quot;button_width&quot;:&quot;100&quot;,&quot;step_type&quot;:&quot;number_text&quot;,&quot;step_icon_shape&quot;:&quot;circle&quot;}\" data-widget_type=\"form.default\">\n\t\t\t\t<div class=\"elementor-widget-container\">\n\t\t\t\t\t\t\t<form class=\"elementor-form\" method=\"post\" name=\"Eu Form\">\n\t\t\t<input type=\"hidden\" name=\"post_id\" value=\"3826\"\/>\n\t\t\t<input type=\"hidden\" name=\"form_id\" value=\"b565c96\"\/>\n\t\t\t<input type=\"hidden\" name=\"referer_title\" value=\"projekt\" \/>\n\n\t\t\t\t\t\t\t<input type=\"hidden\" name=\"queried_id\" value=\"3826\"\/>\n\t\t\t\n\t\t\t<div class=\"elementor-form-fields-wrapper elementor-labels-above\">\n\t\t\t\t\t\t\t\t<div class=\"elementor-field-type-text elementor-field-group elementor-column elementor-field-group-name elementor-col-50 elementor-field-required elementor-mark-required\">\n\t\t\t\t\t\t\t\t\t\t\t\t<label for=\"form-field-name\" class=\"elementor-field-label\">\n\t\t\t\t\t\t\t\tNamn \t\t\t\t\t\t\t<\/label>\n\t\t\t\t\t\t\t\t\t\t\t\t\t\t<input size=\"1\" type=\"text\" name=\"form_fields[name]\" id=\"form-field-name\" class=\"elementor-field elementor-size-sm  elementor-field-textual\" placeholder=\"Skriv ditt namn\" required=\"required\" aria-required=\"true\">\n\t\t\t\t\t\t\t\t\t\t\t<\/div>\n\t\t\t\t\t\t\t\t<div class=\"elementor-field-type-email elementor-field-group elementor-column elementor-field-group-email elementor-col-50 elementor-field-required elementor-mark-required\">\n\t\t\t\t\t\t\t\t\t\t\t\t<label for=\"form-field-email\" class=\"elementor-field-label\">\n\t\t\t\t\t\t\t\tE-post\t\t\t\t\t\t\t<\/label>\n\t\t\t\t\t\t\t\t\t\t\t\t\t\t<input size=\"1\" type=\"email\" name=\"form_fields[email]\" id=\"form-field-email\" class=\"elementor-field elementor-size-sm  elementor-field-textual\" placeholder=\"Skriv din e-post\" required=\"required\" aria-required=\"true\">\n\t\t\t\t\t\t\t\t\t\t\t<\/div>\n\t\t\t\t\t\t\t\t<div class=\"elementor-field-type-textarea elementor-field-group elementor-column elementor-field-group-message elementor-col-100 elementor-field-required elementor-mark-required\">\n\t\t\t\t\t\t\t\t\t\t\t\t<label for=\"form-field-message\" class=\"elementor-field-label\">\n\t\t\t\t\t\t\t\tMeddelande\t\t\t\t\t\t\t<\/label>\n\t\t\t\t\t\t<textarea class=\"elementor-field-textual elementor-field  elementor-size-sm\" name=\"form_fields[message]\" id=\"form-field-message\" rows=\"4\" placeholder=\"Skriv ditt meddelande h\u00e4r\" required=\"required\" aria-required=\"true\"><\/textarea>\t\t\t\t<\/div>\n\t\t\t\t\t\t\t\t<div class=\"elementor-field-group elementor-column elementor-field-type-submit elementor-col-100 e-form__buttons\">\n\t\t\t\t\t<button class=\"elementor-button elementor-size-sm\" type=\"submit\">\n\t\t\t\t\t\t<span class=\"elementor-button-content-wrapper\">\n\t\t\t\t\t\t\t\t\t\t\t\t\t\t\t<span class=\"elementor-button-icon\">\n\t\t\t\t\t\t\t\t\t<i aria-hidden=\"true\" class=\"recrutie-icon- recrutie-icon-arrow-up-right-1\"><\/i>\t\t\t\t\t\t\t\t\t\t\t\t\t\t\t\t\t<\/span>\n\t\t\t\t\t\t\t\t\t\t\t\t\t\t\t\t\t\t\t\t\t\t<span class=\"elementor-button-text\">skicka<\/span>\n\t\t\t\t\t\t\t\t\t\t\t\t\t<\/span>\n\t\t\t\t\t<\/button>\n\t\t\t\t<\/div>\n\t\t\t<\/div>\n\t\t<\/form>\n\t\t\t\t\t\t<\/div>\n\t\t\t\t<\/div>\n\t\t\t\t<\/div>\n\t\t\t\t\t<\/div>\n\t\t\t\t<\/div>\n\t\t\t\t<\/div>\n\t\t","protected":false},"excerpt":{"rendered":"<p>\/ Projekt\u00a0\/ Hitta v\u00e5ra projekt EURES Trim Tab AB \u00e4r ett privat svenskt f\u00f6retag som grundades med ett \u00e5tagande att s\u00e4kerst\u00e4lla att alla har tillg\u00e5ng till meningsfulla sociala och yrkesm\u00e4ssiga m\u00f6jligheter i samh\u00e4llet, inklusive syssels\u00e4ttning och utbildning. Sedan starten har Trim Tab \u00e4gnat sig \u00e5t att v\u00e4gleda arbetsl\u00f6sa mot anst\u00e4llning eller yrkesutbildning och tillhandah\u00e5lla rekryteringstj\u00e4nster [&hellip;]<\/p>\n","protected":false},"author":257190015,"featured_media":0,"parent":0,"menu_order":0,"comment_status":"closed","ping_status":"closed","template":"template-homepage.php","meta":{"_crdt_document":"","advanced_seo_description":"","jetpack_seo_html_title":"","jetpack_seo_noindex":false,"footnotes":""},"class_list":["post-3826","page","type-page","status-publish","hentry"],"jetpack_likes_enabled":true,"jetpack_sharing_enabled":true,"jetpack_shortlink":"https:\/\/wp.me\/Pg7g27-ZI","jetpack-related-posts":[],"_links":{"self":[{"href":"https:\/\/trim-tab.se\/en\/wp-json\/wp\/v2\/pages\/3826","targetHints":{"allow":["GET"]}}],"collection":[{"href":"https:\/\/trim-tab.se\/en\/wp-json\/wp\/v2\/pages"}],"about":[{"href":"https:\/\/trim-tab.se\/en\/wp-json\/wp\/v2\/types\/page"}],"author":[{"embeddable":true,"href":"https:\/\/trim-tab.se\/en\/wp-json\/wp\/v2\/users\/257190015"}],"replies":[{"embeddable":true,"href":"https:\/\/trim-tab.se\/en\/wp-json\/wp\/v2\/comments?post=3826"}],"version-history":[{"count":100,"href":"https:\/\/trim-tab.se\/en\/wp-json\/wp\/v2\/pages\/3826\/revisions"}],"predecessor-version":[{"id":8426,"href":"https:\/\/trim-tab.se\/en\/wp-json\/wp\/v2\/pages\/3826\/revisions\/8426"}],"wp:attachment":[{"href":"https:\/\/trim-tab.se\/en\/wp-json\/wp\/v2\/media?parent=3826"}],"curies":[{"name":"wp","href":"https:\/\/api.w.org\/{rel}","templated":true}]}}